{"id":1233,"date":"2026-02-03T16:41:37","date_gmt":"2026-02-03T22:41:37","guid":{"rendered":"https:\/\/vlu-v2.zarapeio.com\/?page_id=1233"},"modified":"2026-02-05T13:38:45","modified_gmt":"2026-02-05T19:38:45","slug":"experiences","status":"publish","type":"page","link":"https:\/\/vlu.com.mx\/en\/experiences\/","title":{"rendered":"Experiencias"},"content":{"rendered":"<div data-elementor-type=\"wp-page\" data-elementor-id=\"1233\" class=\"elementor elementor-1233\">\n\t\t\t\t\t\t<section class=\"elementor-section elementor-top-section elementor-element elementor-element-f254dfc elementor-section-boxed elementor-section-height-default elementor-section-height-default\" data-id=\"f254dfc\" data-element_type=\"section\" data-e-type=\"section\" data-settings=\"{&quot;background_background&quot;:&quot;video&quot;,&quot;background_video_link&quot;:&quot;\\\/wp-content\\\/uploads\\\/2026\\\/02\\\/experiences-hero-new.mp4&quot;,&quot;background_play_on_mobile&quot;:&quot;yes&quot;}\">\n\t\t\t\t\t\t\t\t<div class=\"elementor-background-video-container\">\n\t\t\t\t\t\t\t\t\t\t\t\t\t<video class=\"elementor-background-video-hosted\" role=\"presentation\" autoplay muted playsinline loop><\/video>\n\t\t\t\t\t\t\t\t\t\t\t<\/div>\n\t\t\t\t\t\t\t\t\t<div class=\"elementor-background-overlay\"><\/div>\n\t\t\t\t\t\t\t<div class=\"elementor-container elementor-column-gap-default\">\n\t\t\t\t\t<div class=\"elementor-column elementor-col-100 elementor-top-column elementor-element elementor-element-7ba2384\" data-id=\"7ba2384\" data-element_type=\"column\" data-e-type=\"column\" data-settings=\"{&quot;background_background&quot;:&quot;classic&quot;}\">\n\t\t\t<div class=\"elementor-widget-wrap elementor-element-populated\">\n\t\t\t\t\t\t<div class=\"elementor-element elementor-element-42cb494 elementor-widget elementor-widget-heading\" data-id=\"42cb494\" data-element_type=\"widget\" data-e-type=\"widget\" data-widget_type=\"heading.default\">\n\t\t\t\t<div class=\"elementor-widget-container\">\n\t\t\t\t\t<h2 class=\"elementor-heading-title elementor-size-default\">Experiencias Exclusivas<\/h2>\t\t\t\t<\/div>\n\t\t\t\t<\/div>\n\t\t\t\t<div class=\"elementor-element elementor-element-696beaa elementor-widget elementor-widget-text-editor\" data-id=\"696beaa\" data-element_type=\"widget\" data-e-type=\"widget\" data-widget_type=\"text-editor.default\">\n\t\t\t\t<div class=\"elementor-widget-container\">\n\t\t\t\t\t\t\t\t\t<p>Paquetes dise\u00f1ados para crear momentos \u00fanicos e inolvidables<\/p>\t\t\t\t\t\t\t\t<\/div>\n\t\t\t\t<\/div>\n\t\t\t\t<div class=\"elementor-element elementor-element-287b099 elementor-align-center elementor-widget elementor-widget-raven-button\" data-id=\"287b099\" data-element_type=\"widget\" data-e-type=\"widget\" data-settings=\"{&quot;turn_to_popup_action_button&quot;:&quot;no&quot;}\" data-widget_type=\"raven-button.default\">\n\t\t\t\t<div class=\"elementor-widget-container\">\n\t\t\t\t\t\t\t<div class=\"raven-widget-wrapper\">\n\t\t\t<a class=\"raven-button raven-button-widget-normal-effect-none  raven-button-text-align- raven-button-link elementor-animation-none\" href=\"https:\/\/hotels.cloudbeds.com\/en\/reservation\/RWCLq4?currency=mxn\" target=\"_blank\">\t\t\t\t<div class=\"raven-button-overlay\" ><\/div>\n\t\t\t\t<span class=\"raven-button-content\">\n\t\t\t\t\t\n\t\t\t\t\t<div class=\"button-text-container\">\n\t\t\t\t\t\t\t\t\t\t\t\t<div class=\"raven-button-texts-wrapper\">\n\t\t\t\t\t\t\t<div class=\"button-text\">\n\t\t\t\t\t\t\t\t<span class=\"raven-button-text\">\n\t\t\t\t\t\t\t\t\tReservar ahora\t\t\t\t\t\t\t\t<\/span>\n\t\t\t\t\t\t\t<\/div>\n\t\t\t\t\t\t\t\t\t\t\t\t\t<\/div>\n\t\t\t\t\t\t\t\t\t<span class=\"raven-button-icon raven-button-icon-position-right\">\n\t\t\t\t<i aria-hidden=\"true\" class=\"fas fa-chevron-right\"><\/i>\t\t\t<\/span>\n\t\t\t\t\t\t\t<\/div>\n\t\t\t\t\t\n\t\t\t\t\t\t\t\t\t<\/span>\n\t\t\t<\/a>\t\t<\/div>\n\t\t\t\t\t\t<\/div>\n\t\t\t\t<\/div>\n\t\t\t\t\t<\/div>\n\t\t<\/div>\n\t\t\t\t\t<\/div>\n\t\t<\/section>\n\t\t\t\t<section class=\"elementor-section elementor-top-section elementor-element elementor-element-90b5be7 elementor-section-boxed elementor-section-height-default elementor-section-height-default\" data-id=\"90b5be7\" data-element_type=\"section\" data-e-type=\"section\" data-settings=\"{&quot;background_background&quot;:&quot;classic&quot;}\">\n\t\t\t\t\t\t<div class=\"elementor-container elementor-column-gap-default\">\n\t\t\t\t\t<div class=\"elementor-column elementor-col-100 elementor-top-column elementor-element elementor-element-13a49b8\" data-id=\"13a49b8\" data-element_type=\"column\" data-e-type=\"column\" data-settings=\"{&quot;background_background&quot;:&quot;classic&quot;}\">\n\t\t\t<div class=\"elementor-widget-wrap elementor-element-populated\">\n\t\t\t\t\t\t<section class=\"elementor-section elementor-inner-section elementor-element elementor-element-f188a0c elementor-section-full_width elementor-section-height-default elementor-section-height-default\" data-id=\"f188a0c\" data-element_type=\"section\" data-e-type=\"section\">\n\t\t\t\t\t\t<div class=\"elementor-container elementor-column-gap-default\">\n\t\t\t\t\t<div class=\"elementor-column elementor-col-33 elementor-inner-column elementor-element elementor-element-9dcb049\" data-id=\"9dcb049\" data-element_type=\"column\" data-e-type=\"column\">\n\t\t\t<div class=\"elementor-widget-wrap elementor-element-populated\">\n\t\t\t\t\t\t<div class=\"elementor-element elementor-element-7824a4d elementor-position-top elementor-widget elementor-widget-image-box\" data-id=\"7824a4d\" data-element_type=\"widget\" data-e-type=\"widget\" id=\"card-cafe\" data-widget_type=\"image-box.default\">\n\t\t\t\t<div class=\"elementor-widget-container\">\n\t\t\t\t\t<div class=\"elementor-image-box-wrapper\"><figure class=\"elementor-image-box-img\"><a href=\"\/en\/renovacion-vlu\/\" tabindex=\"-1\"><img fetchpriority=\"high\" decoding=\"async\" width=\"1536\" height=\"1024\" src=\"https:\/\/vlu.com.mx\/wp-content\/uploads\/2026\/02\/experience-wellness.png\" class=\"attachment-full size-full wp-image-1253\" alt=\"\" srcset=\"https:\/\/vlu.com.mx\/wp-content\/uploads\/2026\/02\/experience-wellness.png 1536w, https:\/\/vlu.com.mx\/wp-content\/uploads\/2026\/02\/experience-wellness-300x200.png 300w, https:\/\/vlu.com.mx\/wp-content\/uploads\/2026\/02\/experience-wellness-1024x683.png 1024w, https:\/\/vlu.com.mx\/wp-content\/uploads\/2026\/02\/experience-wellness-768x512.png 768w, https:\/\/vlu.com.mx\/wp-content\/uploads\/2026\/02\/experience-wellness-18x12.png 18w\" sizes=\"(max-width: 1536px) 100vw, 1536px\" \/><\/a><\/figure><div class=\"elementor-image-box-content\"><h3 class=\"elementor-image-box-title\"><a href=\"\/en\/renovacion-vlu\/\">Renovaci\u00f3n VLU<\/a><\/h3><p class=\"elementor-image-box-description\"><b>Paquete de Bienestar (2 Noches)<\/b>\n<br>\n<br><br>\n\nIncluye: Alojamiento con 15% de descuento, desayuno wellness, Kayaks para 2 personas durante 1 hora todos los d\u00edas, 1 masaje relajante y 1 tratamiento facial por persona.\n<br><br>\n<a href=\"\/en\/experiencies\/renovacion-vlu\/\" class=\"link-experiencia\">M\u00c1S INFORMACI\u00d3N <\/a><\/p><\/div><\/div>\t\t\t\t<\/div>\n\t\t\t\t<\/div>\n\t\t\t\t\t<\/div>\n\t\t<\/div>\n\t\t\t\t<div class=\"elementor-column elementor-col-33 elementor-inner-column elementor-element elementor-element-538a689\" data-id=\"538a689\" data-element_type=\"column\" data-e-type=\"column\">\n\t\t\t<div class=\"elementor-widget-wrap elementor-element-populated\">\n\t\t\t\t\t\t<div class=\"elementor-element elementor-element-3756941 card-red elementor-position-top elementor-widget elementor-widget-image-box\" data-id=\"3756941\" data-element_type=\"widget\" data-e-type=\"widget\" data-widget_type=\"image-box.default\">\n\t\t\t\t<div class=\"elementor-widget-container\">\n\t\t\t\t\t<div class=\"elementor-image-box-wrapper\"><figure class=\"elementor-image-box-img\"><a href=\"\/en\/renovacion-vlu\/\" tabindex=\"-1\"><img decoding=\"async\" width=\"1536\" height=\"1024\" src=\"https:\/\/vlu.com.mx\/wp-content\/uploads\/2026\/02\/paracaidismo-tandem-alegria.png\" class=\"attachment-full size-full wp-image-1412\" alt=\"\" srcset=\"https:\/\/vlu.com.mx\/wp-content\/uploads\/2026\/02\/paracaidismo-tandem-alegria.png 1536w, https:\/\/vlu.com.mx\/wp-content\/uploads\/2026\/02\/paracaidismo-tandem-alegria-300x200.png 300w, https:\/\/vlu.com.mx\/wp-content\/uploads\/2026\/02\/paracaidismo-tandem-alegria-1024x683.png 1024w, https:\/\/vlu.com.mx\/wp-content\/uploads\/2026\/02\/paracaidismo-tandem-alegria-768x512.png 768w, https:\/\/vlu.com.mx\/wp-content\/uploads\/2026\/02\/paracaidismo-tandem-alegria-18x12.png 18w\" sizes=\"(max-width: 1536px) 100vw, 1536px\" \/><\/a><\/figure><div class=\"elementor-image-box-content\"><h3 class=\"elementor-image-box-title\"><a href=\"\/en\/renovacion-vlu\/\">VLU Skies Adventure<\/a><\/h3><p class=\"elementor-image-box-description\"><b>Aventura A\u00e9rea<\/b>\n<br>\n<br><br>\n\nIIncluye: Alojamiento con 15 % de descuento, desayuno, transporte y actividad para elegir para dos personas (vuelo en ultraligero sobre las ruinas de Xochicalco, salto en bungee, salto en paraca\u00eddas).\n<br><br>\n<a href=\"\/en\/experiencies\/vlu-skies-adventures\/\" class=\"link-experiencia\">M\u00c1S INFORMACI\u00d3N <\/a><\/p><\/div><\/div>\t\t\t\t<\/div>\n\t\t\t\t<\/div>\n\t\t\t\t\t<\/div>\n\t\t<\/div>\n\t\t\t\t<div class=\"elementor-column elementor-col-33 elementor-inner-column elementor-element elementor-element-3d87755\" data-id=\"3d87755\" data-element_type=\"column\" data-e-type=\"column\">\n\t\t\t<div class=\"elementor-widget-wrap elementor-element-populated\">\n\t\t\t\t\t\t<div class=\"elementor-element elementor-element-7d5b7f5 elementor-position-top elementor-widget elementor-widget-image-box\" data-id=\"7d5b7f5\" data-element_type=\"widget\" data-e-type=\"widget\" id=\"card-cafe\" data-widget_type=\"image-box.default\">\n\t\t\t\t<div class=\"elementor-widget-container\">\n\t\t\t\t\t<div class=\"elementor-image-box-wrapper\"><figure class=\"elementor-image-box-img\"><a href=\"\/en\/renovacion-vlu\/\" tabindex=\"-1\"><img decoding=\"async\" width=\"1536\" height=\"1024\" src=\"https:\/\/vlu.com.mx\/wp-content\/uploads\/2026\/02\/experience-adventure-1.png\" class=\"attachment-full size-full wp-image-1254\" alt=\"\" srcset=\"https:\/\/vlu.com.mx\/wp-content\/uploads\/2026\/02\/experience-adventure-1.png 1536w, https:\/\/vlu.com.mx\/wp-content\/uploads\/2026\/02\/experience-adventure-1-300x200.png 300w, https:\/\/vlu.com.mx\/wp-content\/uploads\/2026\/02\/experience-adventure-1-1024x683.png 1024w, https:\/\/vlu.com.mx\/wp-content\/uploads\/2026\/02\/experience-adventure-1-768x512.png 768w, https:\/\/vlu.com.mx\/wp-content\/uploads\/2026\/02\/experience-adventure-1-18x12.png 18w\" sizes=\"(max-width: 1536px) 100vw, 1536px\" \/><\/a><\/figure><div class=\"elementor-image-box-content\"><h3 class=\"elementor-image-box-title\"><a href=\"\/en\/renovacion-vlu\/\">Aventura Acu\u00e1tica Teques<\/a><\/h3><p class=\"elementor-image-box-description\"><b>Aventura Acu\u00e1tica<\/b>\n<br>\n<br><br>\n\nIncluye: Alojamiento con 15 % de descuento, desayuno, transporte y actividad para elegir para dos personas (vuelo en ultraligero sobre las ruinas de Xochicalco, salto en bungee, salto en paraca\u00eddas).\n<br><br>\n<a href=\"\/en\/experiences\/aventura-acuatica\/\" class=\"link-experiencia\">M\u00c1S INFORMACI\u00d3N <\/a><\/p><\/div><\/div>\t\t\t\t<\/div>\n\t\t\t\t<\/div>\n\t\t\t\t\t<\/div>\n\t\t<\/div>\n\t\t\t\t\t<\/div>\n\t\t<\/section>\n\t\t\t\t<div class=\"elementor-element elementor-element-4a06797 elementor-align-center elementor-widget elementor-widget-raven-button\" data-id=\"4a06797\" data-element_type=\"widget\" data-e-type=\"widget\" data-settings=\"{&quot;turn_to_popup_action_button&quot;:&quot;no&quot;}\" data-widget_type=\"raven-button.default\">\n\t\t\t\t<div class=\"elementor-widget-container\">\n\t\t\t\t\t\t\t<div class=\"raven-widget-wrapper\">\n\t\t\t<a class=\"raven-button raven-button-widget-normal-effect-none  raven-button-text-align- raven-button-link elementor-animation-none\" href=\"https:\/\/hotels.cloudbeds.com\/en\/reservation\/RWCLq4?currency=mxn\" target=\"_blank\">\t\t\t\t<div class=\"raven-button-overlay\" ><\/div>\n\t\t\t\t<span class=\"raven-button-content\">\n\t\t\t\t\t\n\t\t\t\t\t<div class=\"button-text-container\">\n\t\t\t\t\t\t\t\t\t\t\t\t<div class=\"raven-button-texts-wrapper\">\n\t\t\t\t\t\t\t<div class=\"button-text\">\n\t\t\t\t\t\t\t\t<span class=\"raven-button-text\">\n\t\t\t\t\t\t\t\t\tReservar ahora\t\t\t\t\t\t\t\t<\/span>\n\t\t\t\t\t\t\t<\/div>\n\t\t\t\t\t\t\t\t\t\t\t\t\t<\/div>\n\t\t\t\t\t\t\t\t\t<span class=\"raven-button-icon raven-button-icon-position-right\">\n\t\t\t\t<i aria-hidden=\"true\" class=\"fas fa-chevron-right\"><\/i>\t\t\t<\/span>\n\t\t\t\t\t\t\t<\/div>\n\t\t\t\t\t\n\t\t\t\t\t\t\t\t\t<\/span>\n\t\t\t<\/a>\t\t<\/div>\n\t\t\t\t\t\t<\/div>\n\t\t\t\t<\/div>\n\t\t\t\t\t<\/div>\n\t\t<\/div>\n\t\t\t\t\t<\/div>\n\t\t<\/section>\n\t\t\t\t<section class=\"elementor-section elementor-top-section elementor-element elementor-element-031a4b0 elementor-section-boxed elementor-section-height-default elementor-section-height-default\" data-id=\"031a4b0\" data-element_type=\"section\" data-e-type=\"section\" data-settings=\"{&quot;background_background&quot;:&quot;gradient&quot;}\">\n\t\t\t\t\t\t<div class=\"elementor-container elementor-column-gap-default\">\n\t\t\t\t\t<div class=\"elementor-column elementor-col-100 elementor-top-column elementor-element elementor-element-78c514f\" data-id=\"78c514f\" data-element_type=\"column\" data-e-type=\"column\" data-settings=\"{&quot;background_background&quot;:&quot;classic&quot;}\">\n\t\t\t<div class=\"elementor-widget-wrap elementor-element-populated\">\n\t\t\t\t\t\t<div class=\"elementor-element elementor-element-0582b6f elementor-widget elementor-widget-heading\" data-id=\"0582b6f\" data-element_type=\"widget\" data-e-type=\"widget\" data-widget_type=\"heading.default\">\n\t\t\t\t<div class=\"elementor-widget-container\">\n\t\t\t\t\t<h2 class=\"elementor-heading-title elementor-size-default\">\u00bfCu\u00e1l ser\u00e1 tu experiencia transformadora?<\/h2>\t\t\t\t<\/div>\n\t\t\t\t<\/div>\n\t\t\t\t<div class=\"elementor-element elementor-element-ed05792 elementor-widget elementor-widget-text-editor\" data-id=\"ed05792\" data-element_type=\"widget\" data-e-type=\"widget\" data-widget_type=\"text-editor.default\">\n\t\t\t\t<div class=\"elementor-widget-container\">\n\t\t\t\t\t\t\t\t\t<p>Cada experiencia est\u00e1 dise\u00f1ada para crear momentos que perduran<\/p>\t\t\t\t\t\t\t\t<\/div>\n\t\t\t\t<\/div>\n\t\t\t\t<div class=\"elementor-element elementor-element-85158cd elementor-align-center elementor-widget elementor-widget-raven-button\" data-id=\"85158cd\" data-element_type=\"widget\" data-e-type=\"widget\" data-settings=\"{&quot;turn_to_popup_action_button&quot;:&quot;no&quot;}\" data-widget_type=\"raven-button.default\">\n\t\t\t\t<div class=\"elementor-widget-container\">\n\t\t\t\t\t\t\t<div class=\"raven-widget-wrapper\">\n\t\t\t<a class=\"raven-button raven-button-widget-normal-effect-none  raven-button-text-align- raven-button-link elementor-animation-none\" href=\"https:\/\/hotels.cloudbeds.com\/en\/reservation\/RWCLq4?currency=mxn\" target=\"_blank\">\t\t\t\t<div class=\"raven-button-overlay\" ><\/div>\n\t\t\t\t<span class=\"raven-button-content\">\n\t\t\t\t\t\n\t\t\t\t\t<div class=\"button-text-container\">\n\t\t\t\t\t\t\t\t\t\t\t\t<div class=\"raven-button-texts-wrapper\">\n\t\t\t\t\t\t\t<div class=\"button-text\">\n\t\t\t\t\t\t\t\t<span class=\"raven-button-text\">\n\t\t\t\t\t\t\t\t\tReservar ahora\t\t\t\t\t\t\t\t<\/span>\n\t\t\t\t\t\t\t<\/div>\n\t\t\t\t\t\t\t\t\t\t\t\t\t<\/div>\n\t\t\t\t\t\t\t\t\t<span class=\"raven-button-icon raven-button-icon-position-right\">\n\t\t\t\t<i aria-hidden=\"true\" class=\"fas fa-chevron-right\"><\/i>\t\t\t<\/span>\n\t\t\t\t\t\t\t<\/div>\n\t\t\t\t\t\n\t\t\t\t\t\t\t\t\t<\/span>\n\t\t\t<\/a>\t\t<\/div>\n\t\t\t\t\t\t<\/div>\n\t\t\t\t<\/div>\n\t\t\t\t\t<\/div>\n\t\t<\/div>\n\t\t\t\t\t<\/div>\n\t\t<\/section>\n\t\t\t\t<\/div>","protected":false},"excerpt":{"rendered":"<p>Experiencias Exclusivas Paquetes dise\u00f1ados para crear momentos \u00fanicos e inolvidables Reservar ahora Renovaci\u00f3n VLU Paquete de Bienestar (2 Noches) Incluye: Alojamiento con 15% de descuento, desayuno wellness, Kayaks para 2 personas durante 1 hora todos los d\u00edas, 1 masaje relajante y 1 tratamiento facial por persona. M\u00c1S INFORMACI\u00d3N VLU Skies Adventure Aventura A\u00e9rea IIncluye: Alojamiento [&hellip;]<\/p>\n","protected":false},"author":8,"featured_media":0,"parent":0,"menu_order":0,"comment_status":"closed","ping_status":"closed","template":"elementor_header_footer","meta":{"_acf_changed":false,"footnotes":""},"class_list":["post-1233","page","type-page","status-publish","hentry"],"acf":[],"yoast_head":"<!-- This site is optimized with the Yoast SEO plugin v27.4 - https:\/\/yoast.com\/product\/yoast-seo-wordpress\/ -->\n<title>Experiencias - VLU<\/title>\n<meta name=\"robots\" content=\"index, follow, max-snippet:-1, max-image-preview:large, max-video-preview:-1\" \/>\n<link rel=\"canonical\" href=\"https:\/\/vlu.com.mx\/en\/experiences\/\" \/>\n<meta property=\"og:locale\" content=\"en_US\" \/>\n<meta property=\"og:type\" content=\"article\" \/>\n<meta property=\"og:title\" content=\"Experiencias - VLU\" \/>\n<meta property=\"og:description\" content=\"Experiencias Exclusivas Paquetes dise\u00f1ados para crear momentos \u00fanicos e inolvidables Reservar ahora Renovaci\u00f3n VLU Paquete de Bienestar (2 Noches) Incluye: Alojamiento con 15% de descuento, desayuno wellness, Kayaks para 2 personas durante 1 hora todos los d\u00edas, 1 masaje relajante y 1 tratamiento facial por persona. M\u00c1S INFORMACI\u00d3N VLU Skies Adventure Aventura A\u00e9rea IIncluye: Alojamiento [&hellip;]\" \/>\n<meta property=\"og:url\" content=\"https:\/\/vlu.com.mx\/en\/experiences\/\" \/>\n<meta property=\"og:site_name\" content=\"VLU\" \/>\n<meta property=\"article:publisher\" content=\"https:\/\/www.facebook.com\/VluTequesHotel\" \/>\n<meta property=\"article:modified_time\" content=\"2026-02-05T19:38:45+00:00\" \/>\n<meta property=\"og:image\" content=\"https:\/\/vlu-v2.zarapeio.com\/wp-content\/uploads\/2026\/02\/experience-wellness.png\" \/>\n<meta name=\"twitter:card\" content=\"summary_large_image\" \/>\n<meta name=\"twitter:label1\" content=\"Est. reading time\" \/>\n\t<meta name=\"twitter:data1\" content=\"1 minute\" \/>\n<script type=\"application\/ld+json\" class=\"yoast-schema-graph\">{\"@context\":\"https:\\\/\\\/schema.org\",\"@graph\":[{\"@type\":\"WebPage\",\"@id\":\"https:\\\/\\\/vlu.com.mx\\\/experiences\\\/\",\"url\":\"https:\\\/\\\/vlu.com.mx\\\/experiences\\\/\",\"name\":\"Experiencias - VLU\",\"isPartOf\":{\"@id\":\"https:\\\/\\\/vlu.com.mx\\\/#website\"},\"primaryImageOfPage\":{\"@id\":\"https:\\\/\\\/vlu.com.mx\\\/experiences\\\/#primaryimage\"},\"image\":{\"@id\":\"https:\\\/\\\/vlu.com.mx\\\/experiences\\\/#primaryimage\"},\"thumbnailUrl\":\"https:\\\/\\\/vlu-v2.zarapeio.com\\\/wp-content\\\/uploads\\\/2026\\\/02\\\/experience-wellness.png\",\"datePublished\":\"2026-02-03T22:41:37+00:00\",\"dateModified\":\"2026-02-05T19:38:45+00:00\",\"breadcrumb\":{\"@id\":\"https:\\\/\\\/vlu.com.mx\\\/experiences\\\/#breadcrumb\"},\"inLanguage\":\"en-US\",\"potentialAction\":[{\"@type\":\"ReadAction\",\"target\":[\"https:\\\/\\\/vlu.com.mx\\\/experiences\\\/\"]}]},{\"@type\":\"ImageObject\",\"inLanguage\":\"en-US\",\"@id\":\"https:\\\/\\\/vlu.com.mx\\\/experiences\\\/#primaryimage\",\"url\":\"https:\\\/\\\/vlu-v2.zarapeio.com\\\/wp-content\\\/uploads\\\/2026\\\/02\\\/experience-wellness.png\",\"contentUrl\":\"https:\\\/\\\/vlu-v2.zarapeio.com\\\/wp-content\\\/uploads\\\/2026\\\/02\\\/experience-wellness.png\"},{\"@type\":\"BreadcrumbList\",\"@id\":\"https:\\\/\\\/vlu.com.mx\\\/experiences\\\/#breadcrumb\",\"itemListElement\":[{\"@type\":\"ListItem\",\"position\":1,\"name\":\"Portada\",\"item\":\"https:\\\/\\\/vlu.com.mx\\\/\"},{\"@type\":\"ListItem\",\"position\":2,\"name\":\"Experiencias\"}]},{\"@type\":\"WebSite\",\"@id\":\"https:\\\/\\\/vlu.com.mx\\\/#website\",\"url\":\"https:\\\/\\\/vlu.com.mx\\\/\",\"name\":\"VLU - Hotel Tequesquitengo\",\"description\":\"Hosp\u00e9date en Vlu Hotel Tequesquitengo y disfruta lujo, tranquilidad y vistas al lago. Perfecto para relajarte, celebrar y desconectar.\",\"publisher\":{\"@id\":\"https:\\\/\\\/vlu.com.mx\\\/#organization\"},\"alternateName\":\"VLU - Hotel Tequesquitengo\",\"potentialAction\":[{\"@type\":\"SearchAction\",\"target\":{\"@type\":\"EntryPoint\",\"urlTemplate\":\"https:\\\/\\\/vlu.com.mx\\\/?s={search_term_string}\"},\"query-input\":{\"@type\":\"PropertyValueSpecification\",\"valueRequired\":true,\"valueName\":\"search_term_string\"}}],\"inLanguage\":\"en-US\"},{\"@type\":\"Organization\",\"@id\":\"https:\\\/\\\/vlu.com.mx\\\/#organization\",\"name\":\"VLU - HotelTequesquitengo\",\"alternateName\":\"VLU - HotelTequesquitengo\",\"url\":\"https:\\\/\\\/vlu.com.mx\\\/\",\"logo\":{\"@type\":\"ImageObject\",\"inLanguage\":\"en-US\",\"@id\":\"https:\\\/\\\/vlu.com.mx\\\/#\\\/schema\\\/logo\\\/image\\\/\",\"url\":\"https:\\\/\\\/vlu.com.mx\\\/wp-content\\\/uploads\\\/2026\\\/01\\\/vlu-logo.png\",\"contentUrl\":\"https:\\\/\\\/vlu.com.mx\\\/wp-content\\\/uploads\\\/2026\\\/01\\\/vlu-logo.png\",\"width\":1024,\"height\":1024,\"caption\":\"VLU - HotelTequesquitengo\"},\"image\":{\"@id\":\"https:\\\/\\\/vlu.com.mx\\\/#\\\/schema\\\/logo\\\/image\\\/\"},\"sameAs\":[\"https:\\\/\\\/www.facebook.com\\\/VluTequesHotel\",\"https:\\\/\\\/www.instagram.com\\\/vlutequeshotel\\\/\"]}]}<\/script>\n<!-- \/ Yoast SEO plugin. -->","yoast_head_json":{"title":"Experiencias - VLU","robots":{"index":"index","follow":"follow","max-snippet":"max-snippet:-1","max-image-preview":"max-image-preview:large","max-video-preview":"max-video-preview:-1"},"canonical":"https:\/\/vlu.com.mx\/en\/experiences\/","og_locale":"en_US","og_type":"article","og_title":"Experiencias - VLU","og_description":"Experiencias Exclusivas Paquetes dise\u00f1ados para crear momentos \u00fanicos e inolvidables Reservar ahora Renovaci\u00f3n VLU Paquete de Bienestar (2 Noches) Incluye: Alojamiento con 15% de descuento, desayuno wellness, Kayaks para 2 personas durante 1 hora todos los d\u00edas, 1 masaje relajante y 1 tratamiento facial por persona. M\u00c1S INFORMACI\u00d3N VLU Skies Adventure Aventura A\u00e9rea IIncluye: Alojamiento [&hellip;]","og_url":"https:\/\/vlu.com.mx\/en\/experiences\/","og_site_name":"VLU","article_publisher":"https:\/\/www.facebook.com\/VluTequesHotel","article_modified_time":"2026-02-05T19:38:45+00:00","og_image":[{"url":"https:\/\/vlu-v2.zarapeio.com\/wp-content\/uploads\/2026\/02\/experience-wellness.png","type":"","width":"","height":""}],"twitter_card":"summary_large_image","twitter_misc":{"Est. reading time":"1 minute"},"schema":{"@context":"https:\/\/schema.org","@graph":[{"@type":"WebPage","@id":"https:\/\/vlu.com.mx\/experiences\/","url":"https:\/\/vlu.com.mx\/experiences\/","name":"Experiencias - VLU","isPartOf":{"@id":"https:\/\/vlu.com.mx\/#website"},"primaryImageOfPage":{"@id":"https:\/\/vlu.com.mx\/experiences\/#primaryimage"},"image":{"@id":"https:\/\/vlu.com.mx\/experiences\/#primaryimage"},"thumbnailUrl":"https:\/\/vlu-v2.zarapeio.com\/wp-content\/uploads\/2026\/02\/experience-wellness.png","datePublished":"2026-02-03T22:41:37+00:00","dateModified":"2026-02-05T19:38:45+00:00","breadcrumb":{"@id":"https:\/\/vlu.com.mx\/experiences\/#breadcrumb"},"inLanguage":"en-US","potentialAction":[{"@type":"ReadAction","target":["https:\/\/vlu.com.mx\/experiences\/"]}]},{"@type":"ImageObject","inLanguage":"en-US","@id":"https:\/\/vlu.com.mx\/experiences\/#primaryimage","url":"https:\/\/vlu-v2.zarapeio.com\/wp-content\/uploads\/2026\/02\/experience-wellness.png","contentUrl":"https:\/\/vlu-v2.zarapeio.com\/wp-content\/uploads\/2026\/02\/experience-wellness.png"},{"@type":"BreadcrumbList","@id":"https:\/\/vlu.com.mx\/experiences\/#breadcrumb","itemListElement":[{"@type":"ListItem","position":1,"name":"Portada","item":"https:\/\/vlu.com.mx\/"},{"@type":"ListItem","position":2,"name":"Experiencias"}]},{"@type":"WebSite","@id":"https:\/\/vlu.com.mx\/#website","url":"https:\/\/vlu.com.mx\/","name":"VLU - Hotel Tequesquitengo","description":"Hosp\u00e9date en Vlu Hotel Tequesquitengo y disfruta lujo, tranquilidad y vistas al lago. Perfecto para relajarte, celebrar y desconectar.","publisher":{"@id":"https:\/\/vlu.com.mx\/#organization"},"alternateName":"VLU - Hotel Tequesquitengo","potentialAction":[{"@type":"SearchAction","target":{"@type":"EntryPoint","urlTemplate":"https:\/\/vlu.com.mx\/?s={search_term_string}"},"query-input":{"@type":"PropertyValueSpecification","valueRequired":true,"valueName":"search_term_string"}}],"inLanguage":"en-US"},{"@type":"Organization","@id":"https:\/\/vlu.com.mx\/#organization","name":"VLU - HotelTequesquitengo","alternateName":"VLU - HotelTequesquitengo","url":"https:\/\/vlu.com.mx\/","logo":{"@type":"ImageObject","inLanguage":"en-US","@id":"https:\/\/vlu.com.mx\/#\/schema\/logo\/image\/","url":"https:\/\/vlu.com.mx\/wp-content\/uploads\/2026\/01\/vlu-logo.png","contentUrl":"https:\/\/vlu.com.mx\/wp-content\/uploads\/2026\/01\/vlu-logo.png","width":1024,"height":1024,"caption":"VLU - HotelTequesquitengo"},"image":{"@id":"https:\/\/vlu.com.mx\/#\/schema\/logo\/image\/"},"sameAs":["https:\/\/www.facebook.com\/VluTequesHotel","https:\/\/www.instagram.com\/vlutequeshotel\/"]}]}},"_links":{"self":[{"href":"https:\/\/vlu.com.mx\/en\/wp-json\/wp\/v2\/pages\/1233","targetHints":{"allow":["GET"]}}],"collection":[{"href":"https:\/\/vlu.com.mx\/en\/wp-json\/wp\/v2\/pages"}],"about":[{"href":"https:\/\/vlu.com.mx\/en\/wp-json\/wp\/v2\/types\/page"}],"author":[{"embeddable":true,"href":"https:\/\/vlu.com.mx\/en\/wp-json\/wp\/v2\/users\/8"}],"replies":[{"embeddable":true,"href":"https:\/\/vlu.com.mx\/en\/wp-json\/wp\/v2\/comments?post=1233"}],"version-history":[{"count":82,"href":"https:\/\/vlu.com.mx\/en\/wp-json\/wp\/v2\/pages\/1233\/revisions"}],"predecessor-version":[{"id":1650,"href":"https:\/\/vlu.com.mx\/en\/wp-json\/wp\/v2\/pages\/1233\/revisions\/1650"}],"wp:attachment":[{"href":"https:\/\/vlu.com.mx\/en\/wp-json\/wp\/v2\/media?parent=1233"}],"curies":[{"name":"wp","href":"https:\/\/api.w.org\/{rel}","templated":true}]}}