{"id":1554,"date":"2026-02-04T22:00:13","date_gmt":"2026-02-05T04:00:13","guid":{"rendered":"https:\/\/vlu-v2.zarapeio.com\/?page_id=1554"},"modified":"2026-02-05T13:20:07","modified_gmt":"2026-02-05T19:20:07","slug":"gallery","status":"publish","type":"page","link":"https:\/\/vlu.com.mx\/en\/gallery\/","title":{"rendered":"Galeria"},"content":{"rendered":"<div data-elementor-type=\"wp-page\" data-elementor-id=\"1554\" class=\"elementor elementor-1554\">\n\t\t\t\t\t\t<section class=\"elementor-section elementor-top-section elementor-element elementor-element-3f10479 elementor-section-boxed elementor-section-height-default elementor-section-height-default\" data-id=\"3f10479\" data-element_type=\"section\" data-e-type=\"section\" data-settings=\"{&quot;background_background&quot;:&quot;classic&quot;}\">\n\t\t\t\t\t\t<div class=\"elementor-container elementor-column-gap-default\">\n\t\t\t\t\t<div class=\"elementor-column elementor-col-100 elementor-top-column elementor-element elementor-element-ef689aa\" data-id=\"ef689aa\" data-element_type=\"column\" data-e-type=\"column\">\n\t\t\t<div class=\"elementor-widget-wrap elementor-element-populated\">\n\t\t\t\t\t\t<div class=\"elementor-element elementor-element-d4627a4 elementor-widget elementor-widget-heading\" data-id=\"d4627a4\" data-element_type=\"widget\" data-e-type=\"widget\" data-widget_type=\"heading.default\">\n\t\t\t\t<div class=\"elementor-widget-container\">\n\t\t\t\t\t<h2 class=\"elementor-heading-title elementor-size-default\">Galer\u00eda<\/h2>\t\t\t\t<\/div>\n\t\t\t\t<\/div>\n\t\t\t\t<div class=\"elementor-element elementor-element-8f5e45e elementor-widget elementor-widget-text-editor\" data-id=\"8f5e45e\" data-element_type=\"widget\" data-e-type=\"widget\" data-widget_type=\"text-editor.default\">\n\t\t\t\t<div class=\"elementor-widget-container\">\n\t\t\t\t\t\t\t\t\t<p>Descubre la belleza del Hotel VLU Tequesquitengo<\/p>\t\t\t\t\t\t\t\t<\/div>\n\t\t\t\t<\/div>\n\t\t\t\t<div class=\"elementor-element elementor-element-98655a6 elementor-widget elementor-widget-text-editor\" data-id=\"98655a6\" data-element_type=\"widget\" data-e-type=\"widget\" data-widget_type=\"text-editor.default\">\n\t\t\t\t<div class=\"elementor-widget-container\">\n\t\t\t\t\t\t\t\t\t<p>Una colecci\u00f3n de im\u00e1genes que capturan la esencia del lujo sutil y el refinamiento de nuestro hotel boutique junto al lago.<\/p>\t\t\t\t\t\t\t\t<\/div>\n\t\t\t\t<\/div>\n\t\t\t\t\t<\/div>\n\t\t<\/div>\n\t\t\t\t\t<\/div>\n\t\t<\/section>\n\t\t\t\t<section class=\"elementor-section elementor-top-section elementor-element elementor-element-daf7525 elementor-section-boxed elementor-section-height-default elementor-section-height-default\" data-id=\"daf7525\" data-element_type=\"section\" data-e-type=\"section\">\n\t\t\t\t\t\t<div class=\"elementor-container elementor-column-gap-default\">\n\t\t\t\t\t<div class=\"elementor-column elementor-col-100 elementor-top-column elementor-element elementor-element-cf4d762\" data-id=\"cf4d762\" data-element_type=\"column\" data-e-type=\"column\">\n\t\t\t<div class=\"elementor-widget-wrap elementor-element-populated\">\n\t\t\t\t\t\t<div class=\"elementor-element elementor-element-bee540a elementor-widget elementor-widget-heading\" data-id=\"bee540a\" data-element_type=\"widget\" data-e-type=\"widget\" data-widget_type=\"heading.default\">\n\t\t\t\t<div class=\"elementor-widget-container\">\n\t\t\t\t\t<h2 class=\"elementor-heading-title elementor-size-default\">Video del Hotel<\/h2>\t\t\t\t<\/div>\n\t\t\t\t<\/div>\n\t\t\t\t<div class=\"elementor-element elementor-element-26853b2 elementor-widget elementor-widget-video\" data-id=\"26853b2\" data-element_type=\"widget\" data-e-type=\"widget\" data-settings=\"{&quot;video_type&quot;:&quot;hosted&quot;,&quot;controls&quot;:&quot;yes&quot;}\" data-widget_type=\"video.default\">\n\t\t\t\t<div class=\"elementor-widget-container\">\n\t\t\t\t\t\t\t<div class=\"e-hosted-video elementor-wrapper elementor-open-inline\">\n\t\t\t\t\t<video class=\"elementor-video\" src=\"https:\/\/vlu-v2.zarapeio.com\/wp-content\/uploads\/2026\/02\/nuevo-video-hero-final-1.mp4\" controls=\"\" preload=\"metadata\" controlslist=\"nodownload\" poster=\"https:\/\/vlu-v2.zarapeio.com\/wp-content\/uploads\/2026\/02\/hero-hotel.png\"><\/video>\n\t\t\t\t<\/div>\n\t\t\t\t\t\t<\/div>\n\t\t\t\t<\/div>\n\t\t\t\t\t<\/div>\n\t\t<\/div>\n\t\t\t\t\t<\/div>\n\t\t<\/section>\n\t\t\t\t<section class=\"elementor-section elementor-top-section elementor-element elementor-element-3c0158a elementor-section-boxed elementor-section-height-default elementor-section-height-default\" data-id=\"3c0158a\" data-element_type=\"section\" data-e-type=\"section\" data-settings=\"{&quot;background_background&quot;:&quot;classic&quot;}\">\n\t\t\t\t\t\t<div class=\"elementor-container elementor-column-gap-default\">\n\t\t\t\t\t<div class=\"elementor-column elementor-col-100 elementor-top-column elementor-element elementor-element-dba2a7a\" data-id=\"dba2a7a\" data-element_type=\"column\" data-e-type=\"column\">\n\t\t\t<div class=\"elementor-widget-wrap elementor-element-populated\">\n\t\t\t\t\t\t<div class=\"elementor-element elementor-element-dbf990e gallery-spacing-custom elementor-widget elementor-widget-image-gallery\" data-id=\"dbf990e\" data-element_type=\"widget\" data-e-type=\"widget\" data-widget_type=\"image-gallery.default\">\n\t\t\t\t<div class=\"elementor-widget-container\">\n\t\t\t\t\t\t\t<div class=\"elementor-image-gallery\">\n\t\t\t<div class=\"row gallery galleryid-1554 gallery-columns-3 gallery-size-medium\" data-uk-grid-margin=\"\"><figure class=\"gallery-item\"><div class=\"gallery-icon landscape\"><a data-elementor-open-lightbox=\"yes\" data-elementor-lightbox-slideshow=\"dbf990e\" data-elementor-lightbox-title=\"08-exterior-hotel-nocturno 1\" data-e-action-hash=\"#elementor-action%3Aaction%3Dlightbox%26settings%3DeyJpZCI6MTU3NywidXJsIjoiaHR0cHM6XC9cL3ZsdS5jb20ubXhcL3dwLWNvbnRlbnRcL3VwbG9hZHNcLzIwMjZcLzAyXC8wOC1leHRlcmlvci1ob3RlbC1ub2N0dXJuby0xLnBuZyIsInNsaWRlc2hvdyI6ImRiZjk5MGUifQ%3D%3D\" href='https:\/\/vlu.com.mx\/wp-content\/uploads\/2026\/02\/08-exterior-hotel-nocturno-1.png'><img fetchpriority=\"high\" decoding=\"async\" width=\"300\" height=\"200\" src=\"https:\/\/vlu.com.mx\/wp-content\/uploads\/2026\/02\/08-exterior-hotel-nocturno-1-300x200.png\" class=\"attachment-medium size-medium\" alt=\"\" srcset=\"https:\/\/vlu.com.mx\/wp-content\/uploads\/2026\/02\/08-exterior-hotel-nocturno-1-300x200.png 300w, https:\/\/vlu.com.mx\/wp-content\/uploads\/2026\/02\/08-exterior-hotel-nocturno-1-768x512.png 768w, https:\/\/vlu.com.mx\/wp-content\/uploads\/2026\/02\/08-exterior-hotel-nocturno-1-18x12.png 18w, https:\/\/vlu.com.mx\/wp-content\/uploads\/2026\/02\/08-exterior-hotel-nocturno-1.png 912w\" sizes=\"(max-width: 300px) 100vw, 300px\" \/><\/a><\/div><\/figure><figure class=\"gallery-item\"><div class=\"gallery-icon landscape\"><a data-elementor-open-lightbox=\"yes\" data-elementor-lightbox-slideshow=\"dbf990e\" data-elementor-lightbox-title=\"about-mission-restaurant-night 2\" data-e-action-hash=\"#elementor-action%3Aaction%3Dlightbox%26settings%3DeyJpZCI6MTU3OCwidXJsIjoiaHR0cHM6XC9cL3ZsdS5jb20ubXhcL3dwLWNvbnRlbnRcL3VwbG9hZHNcLzIwMjZcLzAyXC9hYm91dC1taXNzaW9uLXJlc3RhdXJhbnQtbmlnaHQtMi5wbmciLCJzbGlkZXNob3ciOiJkYmY5OTBlIn0%3D\" href='https:\/\/vlu.com.mx\/wp-content\/uploads\/2026\/02\/about-mission-restaurant-night-2.png'><img decoding=\"async\" width=\"300\" height=\"200\" src=\"https:\/\/vlu.com.mx\/wp-content\/uploads\/2026\/02\/about-mission-restaurant-night-2-300x200.png\" class=\"attachment-medium size-medium\" alt=\"\" srcset=\"https:\/\/vlu.com.mx\/wp-content\/uploads\/2026\/02\/about-mission-restaurant-night-2-300x200.png 300w, https:\/\/vlu.com.mx\/wp-content\/uploads\/2026\/02\/about-mission-restaurant-night-2-768x512.png 768w, https:\/\/vlu.com.mx\/wp-content\/uploads\/2026\/02\/about-mission-restaurant-night-2-18x12.png 18w, https:\/\/vlu.com.mx\/wp-content\/uploads\/2026\/02\/about-mission-restaurant-night-2.png 906w\" sizes=\"(max-width: 300px) 100vw, 300px\" \/><\/a><\/div><\/figure><figure class=\"gallery-item\"><div class=\"gallery-icon landscape\"><a data-elementor-open-lightbox=\"yes\" data-elementor-lightbox-slideshow=\"dbf990e\" data-elementor-lightbox-title=\"11-piscina-vista-lago 1\" data-e-action-hash=\"#elementor-action%3Aaction%3Dlightbox%26settings%3DeyJpZCI6MTU3OSwidXJsIjoiaHR0cHM6XC9cL3ZsdS5jb20ubXhcL3dwLWNvbnRlbnRcL3VwbG9hZHNcLzIwMjZcLzAyXC8xMS1waXNjaW5hLXZpc3RhLWxhZ28tMS5wbmciLCJzbGlkZXNob3ciOiJkYmY5OTBlIn0%3D\" href='https:\/\/vlu.com.mx\/wp-content\/uploads\/2026\/02\/11-piscina-vista-lago-1.png'><img decoding=\"async\" width=\"300\" height=\"200\" src=\"https:\/\/vlu.com.mx\/wp-content\/uploads\/2026\/02\/11-piscina-vista-lago-1-300x200.png\" class=\"attachment-medium size-medium\" alt=\"\" srcset=\"https:\/\/vlu.com.mx\/wp-content\/uploads\/2026\/02\/11-piscina-vista-lago-1-300x200.png 300w, https:\/\/vlu.com.mx\/wp-content\/uploads\/2026\/02\/11-piscina-vista-lago-1-768x512.png 768w, https:\/\/vlu.com.mx\/wp-content\/uploads\/2026\/02\/11-piscina-vista-lago-1-18x12.png 18w, https:\/\/vlu.com.mx\/wp-content\/uploads\/2026\/02\/11-piscina-vista-lago-1.png 908w\" sizes=\"(max-width: 300px) 100vw, 300px\" \/><\/a><\/div><\/figure><figure class=\"gallery-item\"><div class=\"gallery-icon landscape\"><a data-elementor-open-lightbox=\"yes\" data-elementor-lightbox-slideshow=\"dbf990e\" data-elementor-lightbox-title=\"10-bar-terraza-diurna-mejorada 1\" data-e-action-hash=\"#elementor-action%3Aaction%3Dlightbox%26settings%3DeyJpZCI6MTU4MCwidXJsIjoiaHR0cHM6XC9cL3ZsdS5jb20ubXhcL3dwLWNvbnRlbnRcL3VwbG9hZHNcLzIwMjZcLzAyXC8xMC1iYXItdGVycmF6YS1kaXVybmEtbWVqb3JhZGEtMS5wbmciLCJzbGlkZXNob3ciOiJkYmY5OTBlIn0%3D\" href='https:\/\/vlu.com.mx\/wp-content\/uploads\/2026\/02\/10-bar-terraza-diurna-mejorada-1.png'><img loading=\"lazy\" decoding=\"async\" width=\"300\" height=\"200\" src=\"https:\/\/vlu.com.mx\/wp-content\/uploads\/2026\/02\/10-bar-terraza-diurna-mejorada-1-300x200.png\" class=\"attachment-medium size-medium\" alt=\"\" srcset=\"https:\/\/vlu.com.mx\/wp-content\/uploads\/2026\/02\/10-bar-terraza-diurna-mejorada-1-300x200.png 300w, https:\/\/vlu.com.mx\/wp-content\/uploads\/2026\/02\/10-bar-terraza-diurna-mejorada-1-768x512.png 768w, https:\/\/vlu.com.mx\/wp-content\/uploads\/2026\/02\/10-bar-terraza-diurna-mejorada-1-18x12.png 18w, https:\/\/vlu.com.mx\/wp-content\/uploads\/2026\/02\/10-bar-terraza-diurna-mejorada-1.png 890w\" sizes=\"(max-width: 300px) 100vw, 300px\" \/><\/a><\/div><\/figure><figure class=\"gallery-item\"><div class=\"gallery-icon landscape\"><a data-elementor-open-lightbox=\"yes\" data-elementor-lightbox-slideshow=\"dbf990e\" data-elementor-lightbox-title=\"09-exterior-nocturno-camastros 1\" data-e-action-hash=\"#elementor-action%3Aaction%3Dlightbox%26settings%3DeyJpZCI6MTU4MSwidXJsIjoiaHR0cHM6XC9cL3ZsdS5jb20ubXhcL3dwLWNvbnRlbnRcL3VwbG9hZHNcLzIwMjZcLzAyXC8wOS1leHRlcmlvci1ub2N0dXJuby1jYW1hc3Ryb3MtMS5wbmciLCJzbGlkZXNob3ciOiJkYmY5OTBlIn0%3D\" href='https:\/\/vlu.com.mx\/wp-content\/uploads\/2026\/02\/09-exterior-nocturno-camastros-1.png'><img loading=\"lazy\" decoding=\"async\" width=\"300\" height=\"200\" src=\"https:\/\/vlu.com.mx\/wp-content\/uploads\/2026\/02\/09-exterior-nocturno-camastros-1-300x200.png\" class=\"attachment-medium size-medium\" alt=\"\" srcset=\"https:\/\/vlu.com.mx\/wp-content\/uploads\/2026\/02\/09-exterior-nocturno-camastros-1-300x200.png 300w, https:\/\/vlu.com.mx\/wp-content\/uploads\/2026\/02\/09-exterior-nocturno-camastros-1-768x512.png 768w, https:\/\/vlu.com.mx\/wp-content\/uploads\/2026\/02\/09-exterior-nocturno-camastros-1-18x12.png 18w, https:\/\/vlu.com.mx\/wp-content\/uploads\/2026\/02\/09-exterior-nocturno-camastros-1.png 906w\" sizes=\"(max-width: 300px) 100vw, 300px\" \/><\/a><\/div><\/figure><figure class=\"gallery-item\"><div class=\"gallery-icon landscape\"><a data-elementor-open-lightbox=\"yes\" data-elementor-lightbox-slideshow=\"dbf990e\" data-elementor-lightbox-title=\"06-cabana-daybed 1\" data-e-action-hash=\"#elementor-action%3Aaction%3Dlightbox%26settings%3DeyJpZCI6MTU4MiwidXJsIjoiaHR0cHM6XC9cL3ZsdS5jb20ubXhcL3dwLWNvbnRlbnRcL3VwbG9hZHNcLzIwMjZcLzAyXC8wNi1jYWJhbmEtZGF5YmVkLTEucG5nIiwic2xpZGVzaG93IjoiZGJmOTkwZSJ9\" href='https:\/\/vlu.com.mx\/wp-content\/uploads\/2026\/02\/06-cabana-daybed-1.png'><img loading=\"lazy\" decoding=\"async\" width=\"300\" height=\"300\" src=\"https:\/\/vlu.com.mx\/wp-content\/uploads\/2026\/02\/06-cabana-daybed-1-300x300.png\" class=\"attachment-medium size-medium\" alt=\"\" srcset=\"https:\/\/vlu.com.mx\/wp-content\/uploads\/2026\/02\/06-cabana-daybed-1-300x300.png 300w, https:\/\/vlu.com.mx\/wp-content\/uploads\/2026\/02\/06-cabana-daybed-1-150x150.png 150w, https:\/\/vlu.com.mx\/wp-content\/uploads\/2026\/02\/06-cabana-daybed-1-12x12.png 12w, https:\/\/vlu.com.mx\/wp-content\/uploads\/2026\/02\/06-cabana-daybed-1-500x500.png 500w, https:\/\/vlu.com.mx\/wp-content\/uploads\/2026\/02\/06-cabana-daybed-1.png 608w\" sizes=\"(max-width: 300px) 100vw, 300px\" \/><\/a><\/div><\/figure><figure class=\"gallery-item\"><div class=\"gallery-icon landscape\"><a data-elementor-open-lightbox=\"yes\" data-elementor-lightbox-slideshow=\"dbf990e\" data-elementor-lightbox-title=\"03-bar-terraza-lago 1\" data-e-action-hash=\"#elementor-action%3Aaction%3Dlightbox%26settings%3DeyJpZCI6MTU4MywidXJsIjoiaHR0cHM6XC9cL3ZsdS5jb20ubXhcL3dwLWNvbnRlbnRcL3VwbG9hZHNcLzIwMjZcLzAyXC8wMy1iYXItdGVycmF6YS1sYWdvLTEucG5nIiwic2xpZGVzaG93IjoiZGJmOTkwZSJ9\" href='https:\/\/vlu.com.mx\/wp-content\/uploads\/2026\/02\/03-bar-terraza-lago-1.png'><img loading=\"lazy\" decoding=\"async\" width=\"300\" height=\"200\" src=\"https:\/\/vlu.com.mx\/wp-content\/uploads\/2026\/02\/03-bar-terraza-lago-1-300x200.png\" class=\"attachment-medium size-medium\" alt=\"\" srcset=\"https:\/\/vlu.com.mx\/wp-content\/uploads\/2026\/02\/03-bar-terraza-lago-1-300x200.png 300w, https:\/\/vlu.com.mx\/wp-content\/uploads\/2026\/02\/03-bar-terraza-lago-1-768x512.png 768w, https:\/\/vlu.com.mx\/wp-content\/uploads\/2026\/02\/03-bar-terraza-lago-1-18x12.png 18w, https:\/\/vlu.com.mx\/wp-content\/uploads\/2026\/02\/03-bar-terraza-lago-1.png 912w\" sizes=\"(max-width: 300px) 100vw, 300px\" \/><\/a><\/div><\/figure><figure class=\"gallery-item\"><div class=\"gallery-icon landscape\"><a data-elementor-open-lightbox=\"yes\" data-elementor-lightbox-slideshow=\"dbf990e\" data-elementor-lightbox-title=\"05-bar-terraza-diurna 1\" data-e-action-hash=\"#elementor-action%3Aaction%3Dlightbox%26settings%3DeyJpZCI6MTU4NCwidXJsIjoiaHR0cHM6XC9cL3ZsdS5jb20ubXhcL3dwLWNvbnRlbnRcL3VwbG9hZHNcLzIwMjZcLzAyXC8wNS1iYXItdGVycmF6YS1kaXVybmEtMS5wbmciLCJzbGlkZXNob3ciOiJkYmY5OTBlIn0%3D\" href='https:\/\/vlu.com.mx\/wp-content\/uploads\/2026\/02\/05-bar-terraza-diurna-1.png'><img loading=\"lazy\" decoding=\"async\" width=\"300\" height=\"200\" src=\"https:\/\/vlu.com.mx\/wp-content\/uploads\/2026\/02\/05-bar-terraza-diurna-1-300x200.png\" class=\"attachment-medium size-medium\" alt=\"\" srcset=\"https:\/\/vlu.com.mx\/wp-content\/uploads\/2026\/02\/05-bar-terraza-diurna-1-300x200.png 300w, https:\/\/vlu.com.mx\/wp-content\/uploads\/2026\/02\/05-bar-terraza-diurna-1-768x513.png 768w, https:\/\/vlu.com.mx\/wp-content\/uploads\/2026\/02\/05-bar-terraza-diurna-1-18x12.png 18w, https:\/\/vlu.com.mx\/wp-content\/uploads\/2026\/02\/05-bar-terraza-diurna-1.png 911w\" sizes=\"(max-width: 300px) 100vw, 300px\" \/><\/a><\/div><\/figure><figure class=\"gallery-item\"><div class=\"gallery-icon landscape\"><a data-elementor-open-lightbox=\"yes\" data-elementor-lightbox-slideshow=\"dbf990e\" data-elementor-lightbox-title=\"04-cena-romantica-nocturna 1\" data-e-action-hash=\"#elementor-action%3Aaction%3Dlightbox%26settings%3DeyJpZCI6MTU4NSwidXJsIjoiaHR0cHM6XC9cL3ZsdS5jb20ubXhcL3dwLWNvbnRlbnRcL3VwbG9hZHNcLzIwMjZcLzAyXC8wNC1jZW5hLXJvbWFudGljYS1ub2N0dXJuYS0xLnBuZyIsInNsaWRlc2hvdyI6ImRiZjk5MGUifQ%3D%3D\" href='https:\/\/vlu.com.mx\/wp-content\/uploads\/2026\/02\/04-cena-romantica-nocturna-1.png'><img loading=\"lazy\" decoding=\"async\" width=\"300\" height=\"200\" src=\"https:\/\/vlu.com.mx\/wp-content\/uploads\/2026\/02\/04-cena-romantica-nocturna-1-300x200.png\" class=\"attachment-medium size-medium\" alt=\"\" srcset=\"https:\/\/vlu.com.mx\/wp-content\/uploads\/2026\/02\/04-cena-romantica-nocturna-1-300x200.png 300w, https:\/\/vlu.com.mx\/wp-content\/uploads\/2026\/02\/04-cena-romantica-nocturna-1-768x512.png 768w, https:\/\/vlu.com.mx\/wp-content\/uploads\/2026\/02\/04-cena-romantica-nocturna-1-18x12.png 18w, https:\/\/vlu.com.mx\/wp-content\/uploads\/2026\/02\/04-cena-romantica-nocturna-1.png 930w\" sizes=\"(max-width: 300px) 100vw, 300px\" \/><\/a><\/div><\/figure><\/div>\t\t<\/div>\n\t\t\t\t\t\t<\/div>\n\t\t\t\t<\/div>\n\t\t\t\t\t<\/div>\n\t\t<\/div>\n\t\t\t\t\t<\/div>\n\t\t<\/section>\n\t\t\t\t<\/div>","protected":false},"excerpt":{"rendered":"<p>Galer\u00eda Descubre la belleza del Hotel VLU Tequesquitengo Una colecci\u00f3n de im\u00e1genes que capturan la esencia del lujo sutil y el refinamiento de nuestro hotel boutique junto al lago. Video del Hotel https:\/\/vlu-v2.zarapeio.com\/wp-content\/uploads\/2026\/02\/nuevo-video-hero-final-1.mp4<\/p>","protected":false},"author":8,"featured_media":0,"parent":0,"menu_order":0,"comment_status":"closed","ping_status":"closed","template":"elementor_header_footer","meta":{"_acf_changed":false,"footnotes":""},"class_list":["post-1554","page","type-page","status-publish","hentry"],"acf":[],"yoast_head":"<!-- This site is optimized with the Yoast SEO plugin v27.4 - https:\/\/yoast.com\/product\/yoast-seo-wordpress\/ -->\n<title>Galeria - VLU<\/title>\n<meta name=\"robots\" content=\"index, follow, max-snippet:-1, max-image-preview:large, max-video-preview:-1\" \/>\n<link rel=\"canonical\" href=\"https:\/\/vlu.com.mx\/en\/gallery\/\" \/>\n<meta property=\"og:locale\" content=\"en_US\" \/>\n<meta property=\"og:type\" content=\"article\" \/>\n<meta property=\"og:title\" content=\"Galeria - VLU\" \/>\n<meta property=\"og:description\" content=\"Galer\u00eda Descubre la belleza del Hotel VLU Tequesquitengo Una colecci\u00f3n de im\u00e1genes que capturan la esencia del lujo sutil y el refinamiento de nuestro hotel boutique junto al lago. Video del Hotel https:\/\/vlu-v2.zarapeio.com\/wp-content\/uploads\/2026\/02\/nuevo-video-hero-final-1.mp4\" \/>\n<meta property=\"og:url\" content=\"https:\/\/vlu.com.mx\/en\/gallery\/\" \/>\n<meta property=\"og:site_name\" content=\"VLU\" \/>\n<meta property=\"article:publisher\" content=\"https:\/\/www.facebook.com\/VluTequesHotel\" \/>\n<meta property=\"article:modified_time\" content=\"2026-02-05T19:20:07+00:00\" \/>\n<meta property=\"og:image\" content=\"https:\/\/vlu-v2.zarapeio.com\/wp-content\/uploads\/2026\/02\/08-exterior-hotel-nocturno-1-300x200.png\" \/>\n<meta name=\"twitter:card\" content=\"summary_large_image\" \/>\n<script type=\"application\/ld+json\" class=\"yoast-schema-graph\">{\"@context\":\"https:\\\/\\\/schema.org\",\"@graph\":[{\"@type\":\"WebPage\",\"@id\":\"https:\\\/\\\/vlu.com.mx\\\/gallery\\\/\",\"url\":\"https:\\\/\\\/vlu.com.mx\\\/gallery\\\/\",\"name\":\"Galeria - VLU\",\"isPartOf\":{\"@id\":\"https:\\\/\\\/vlu.com.mx\\\/#website\"},\"primaryImageOfPage\":{\"@id\":\"https:\\\/\\\/vlu.com.mx\\\/gallery\\\/#primaryimage\"},\"image\":{\"@id\":\"https:\\\/\\\/vlu.com.mx\\\/gallery\\\/#primaryimage\"},\"thumbnailUrl\":\"https:\\\/\\\/vlu-v2.zarapeio.com\\\/wp-content\\\/uploads\\\/2026\\\/02\\\/08-exterior-hotel-nocturno-1-300x200.png\",\"datePublished\":\"2026-02-05T04:00:13+00:00\",\"dateModified\":\"2026-02-05T19:20:07+00:00\",\"breadcrumb\":{\"@id\":\"https:\\\/\\\/vlu.com.mx\\\/gallery\\\/#breadcrumb\"},\"inLanguage\":\"en-US\",\"potentialAction\":[{\"@type\":\"ReadAction\",\"target\":[\"https:\\\/\\\/vlu.com.mx\\\/gallery\\\/\"]}]},{\"@type\":\"ImageObject\",\"inLanguage\":\"en-US\",\"@id\":\"https:\\\/\\\/vlu.com.mx\\\/gallery\\\/#primaryimage\",\"url\":\"https:\\\/\\\/vlu-v2.zarapeio.com\\\/wp-content\\\/uploads\\\/2026\\\/02\\\/08-exterior-hotel-nocturno-1-300x200.png\",\"contentUrl\":\"https:\\\/\\\/vlu-v2.zarapeio.com\\\/wp-content\\\/uploads\\\/2026\\\/02\\\/08-exterior-hotel-nocturno-1-300x200.png\"},{\"@type\":\"BreadcrumbList\",\"@id\":\"https:\\\/\\\/vlu.com.mx\\\/gallery\\\/#breadcrumb\",\"itemListElement\":[{\"@type\":\"ListItem\",\"position\":1,\"name\":\"Portada\",\"item\":\"https:\\\/\\\/vlu.com.mx\\\/\"},{\"@type\":\"ListItem\",\"position\":2,\"name\":\"Galeria\"}]},{\"@type\":\"WebSite\",\"@id\":\"https:\\\/\\\/vlu.com.mx\\\/#website\",\"url\":\"https:\\\/\\\/vlu.com.mx\\\/\",\"name\":\"VLU - Hotel Tequesquitengo\",\"description\":\"Hosp\u00e9date en Vlu Hotel Tequesquitengo y disfruta lujo, tranquilidad y vistas al lago. Perfecto para relajarte, celebrar y desconectar.\",\"publisher\":{\"@id\":\"https:\\\/\\\/vlu.com.mx\\\/#organization\"},\"alternateName\":\"VLU - Hotel Tequesquitengo\",\"potentialAction\":[{\"@type\":\"SearchAction\",\"target\":{\"@type\":\"EntryPoint\",\"urlTemplate\":\"https:\\\/\\\/vlu.com.mx\\\/?s={search_term_string}\"},\"query-input\":{\"@type\":\"PropertyValueSpecification\",\"valueRequired\":true,\"valueName\":\"search_term_string\"}}],\"inLanguage\":\"en-US\"},{\"@type\":\"Organization\",\"@id\":\"https:\\\/\\\/vlu.com.mx\\\/#organization\",\"name\":\"VLU - HotelTequesquitengo\",\"alternateName\":\"VLU - HotelTequesquitengo\",\"url\":\"https:\\\/\\\/vlu.com.mx\\\/\",\"logo\":{\"@type\":\"ImageObject\",\"inLanguage\":\"en-US\",\"@id\":\"https:\\\/\\\/vlu.com.mx\\\/#\\\/schema\\\/logo\\\/image\\\/\",\"url\":\"https:\\\/\\\/vlu.com.mx\\\/wp-content\\\/uploads\\\/2026\\\/01\\\/vlu-logo.png\",\"contentUrl\":\"https:\\\/\\\/vlu.com.mx\\\/wp-content\\\/uploads\\\/2026\\\/01\\\/vlu-logo.png\",\"width\":1024,\"height\":1024,\"caption\":\"VLU - HotelTequesquitengo\"},\"image\":{\"@id\":\"https:\\\/\\\/vlu.com.mx\\\/#\\\/schema\\\/logo\\\/image\\\/\"},\"sameAs\":[\"https:\\\/\\\/www.facebook.com\\\/VluTequesHotel\",\"https:\\\/\\\/www.instagram.com\\\/vlutequeshotel\\\/\"]}]}<\/script>\n<!-- \/ Yoast SEO plugin. -->","yoast_head_json":{"title":"Galeria - VLU","robots":{"index":"index","follow":"follow","max-snippet":"max-snippet:-1","max-image-preview":"max-image-preview:large","max-video-preview":"max-video-preview:-1"},"canonical":"https:\/\/vlu.com.mx\/en\/gallery\/","og_locale":"en_US","og_type":"article","og_title":"Galeria - VLU","og_description":"Galer\u00eda Descubre la belleza del Hotel VLU Tequesquitengo Una colecci\u00f3n de im\u00e1genes que capturan la esencia del lujo sutil y el refinamiento de nuestro hotel boutique junto al lago. Video del Hotel https:\/\/vlu-v2.zarapeio.com\/wp-content\/uploads\/2026\/02\/nuevo-video-hero-final-1.mp4","og_url":"https:\/\/vlu.com.mx\/en\/gallery\/","og_site_name":"VLU","article_publisher":"https:\/\/www.facebook.com\/VluTequesHotel","article_modified_time":"2026-02-05T19:20:07+00:00","og_image":[{"url":"https:\/\/vlu-v2.zarapeio.com\/wp-content\/uploads\/2026\/02\/08-exterior-hotel-nocturno-1-300x200.png","type":"","width":"","height":""}],"twitter_card":"summary_large_image","schema":{"@context":"https:\/\/schema.org","@graph":[{"@type":"WebPage","@id":"https:\/\/vlu.com.mx\/gallery\/","url":"https:\/\/vlu.com.mx\/gallery\/","name":"Galeria - VLU","isPartOf":{"@id":"https:\/\/vlu.com.mx\/#website"},"primaryImageOfPage":{"@id":"https:\/\/vlu.com.mx\/gallery\/#primaryimage"},"image":{"@id":"https:\/\/vlu.com.mx\/gallery\/#primaryimage"},"thumbnailUrl":"https:\/\/vlu-v2.zarapeio.com\/wp-content\/uploads\/2026\/02\/08-exterior-hotel-nocturno-1-300x200.png","datePublished":"2026-02-05T04:00:13+00:00","dateModified":"2026-02-05T19:20:07+00:00","breadcrumb":{"@id":"https:\/\/vlu.com.mx\/gallery\/#breadcrumb"},"inLanguage":"en-US","potentialAction":[{"@type":"ReadAction","target":["https:\/\/vlu.com.mx\/gallery\/"]}]},{"@type":"ImageObject","inLanguage":"en-US","@id":"https:\/\/vlu.com.mx\/gallery\/#primaryimage","url":"https:\/\/vlu-v2.zarapeio.com\/wp-content\/uploads\/2026\/02\/08-exterior-hotel-nocturno-1-300x200.png","contentUrl":"https:\/\/vlu-v2.zarapeio.com\/wp-content\/uploads\/2026\/02\/08-exterior-hotel-nocturno-1-300x200.png"},{"@type":"BreadcrumbList","@id":"https:\/\/vlu.com.mx\/gallery\/#breadcrumb","itemListElement":[{"@type":"ListItem","position":1,"name":"Portada","item":"https:\/\/vlu.com.mx\/"},{"@type":"ListItem","position":2,"name":"Galeria"}]},{"@type":"WebSite","@id":"https:\/\/vlu.com.mx\/#website","url":"https:\/\/vlu.com.mx\/","name":"VLU - Hotel Tequesquitengo","description":"Hosp\u00e9date en Vlu Hotel Tequesquitengo y disfruta lujo, tranquilidad y vistas al lago. Perfecto para relajarte, celebrar y desconectar.","publisher":{"@id":"https:\/\/vlu.com.mx\/#organization"},"alternateName":"VLU - Hotel Tequesquitengo","potentialAction":[{"@type":"SearchAction","target":{"@type":"EntryPoint","urlTemplate":"https:\/\/vlu.com.mx\/?s={search_term_string}"},"query-input":{"@type":"PropertyValueSpecification","valueRequired":true,"valueName":"search_term_string"}}],"inLanguage":"en-US"},{"@type":"Organization","@id":"https:\/\/vlu.com.mx\/#organization","name":"VLU - HotelTequesquitengo","alternateName":"VLU - HotelTequesquitengo","url":"https:\/\/vlu.com.mx\/","logo":{"@type":"ImageObject","inLanguage":"en-US","@id":"https:\/\/vlu.com.mx\/#\/schema\/logo\/image\/","url":"https:\/\/vlu.com.mx\/wp-content\/uploads\/2026\/01\/vlu-logo.png","contentUrl":"https:\/\/vlu.com.mx\/wp-content\/uploads\/2026\/01\/vlu-logo.png","width":1024,"height":1024,"caption":"VLU - HotelTequesquitengo"},"image":{"@id":"https:\/\/vlu.com.mx\/#\/schema\/logo\/image\/"},"sameAs":["https:\/\/www.facebook.com\/VluTequesHotel","https:\/\/www.instagram.com\/vlutequeshotel\/"]}]}},"_links":{"self":[{"href":"https:\/\/vlu.com.mx\/en\/wp-json\/wp\/v2\/pages\/1554","targetHints":{"allow":["GET"]}}],"collection":[{"href":"https:\/\/vlu.com.mx\/en\/wp-json\/wp\/v2\/pages"}],"about":[{"href":"https:\/\/vlu.com.mx\/en\/wp-json\/wp\/v2\/types\/page"}],"author":[{"embeddable":true,"href":"https:\/\/vlu.com.mx\/en\/wp-json\/wp\/v2\/users\/8"}],"replies":[{"embeddable":true,"href":"https:\/\/vlu.com.mx\/en\/wp-json\/wp\/v2\/comments?post=1554"}],"version-history":[{"count":28,"href":"https:\/\/vlu.com.mx\/en\/wp-json\/wp\/v2\/pages\/1554\/revisions"}],"predecessor-version":[{"id":1622,"href":"https:\/\/vlu.com.mx\/en\/wp-json\/wp\/v2\/pages\/1554\/revisions\/1622"}],"wp:attachment":[{"href":"https:\/\/vlu.com.mx\/en\/wp-json\/wp\/v2\/media?parent=1554"}],"curies":[{"name":"wp","href":"https:\/\/api.w.org\/{rel}","templated":true}]}}